{"id":7039,"date":"2022-11-20T14:16:08","date_gmt":"2022-11-20T14:16:08","guid":{"rendered":"http:\/\/www.plas-fit.com\/quality\/"},"modified":"2023-05-09T07:42:47","modified_gmt":"2023-05-09T07:42:47","slug":"quality","status":"publish","type":"page","link":"https:\/\/www.plas-fit.com\/es\/quality\/","title":{"rendered":"Calidad"},"content":{"rendered":"\n<p>La gerencia de \u00abPlas-Fit Ltd\u00bb crea una atm\u00f3sfera de cultura de calidad total para crear valor agregado para nuestros clientes a lo largo del tiempo. La pol\u00edtica de calidad general crea valor agregado para los clientes de la empresa para aumentar su satisfacci\u00f3n con el uso de los productos de la empresa al contar con un sistema de gesti\u00f3n de calidad que cumple con los requisitos de la norma ISO9001:2015 y est\u00e1ndares espec\u00edficos de productos.<\/p>\n\n\n\n<h1 class=\"wp-block-heading\">La gerencia de la empresa se comprometer\u00e1 a brindar confianza a sus clientes en nuestros productos y servicios, enfatizando los siguientes temas:<\/h1>\n\n\n\n<ul class=\"wp-block-list\">\n<li>Cumplimiento total de los est\u00e1ndares del producto, requisitos del cliente y especificaciones.<\/li>\n\n\n\n<li>Mantenerse en horario.<\/li>\n\n\n\n<li>Brindando respuestas confiables.<\/li>\n\n\n\n<li>Soporte t\u00e9cnico de alto nivel profesional.<\/li>\n\n\n\n<li>Respuesta adecuada a las fallas y manejo lo mejor posible para la satisfacci\u00f3n del cliente.<\/li>\n<\/ul>\n\n\n\n<h1 class=\"wp-block-heading\">La direcci\u00f3n de la empresa apostar\u00e1 por la mejora continua mediante:<\/h1>\n\n\n\n<ul class=\"wp-block-list\">\n<li>Medici\u00f3n, seguimiento y mejora de procesos.<\/li>\n\n\n\n<li>Contar con controles de calidad internos.<\/li>\n\n\n\n<li>Realizaci\u00f3n de acciones correctivas.<\/li>\n\n\n\n<li>Realizaci\u00f3n de encuestas peri\u00f3dicas de gesti\u00f3n en las que se revisar\u00e1n y determinar\u00e1n los objetivos de calidad.<\/li>\n\n\n\n<li>Activaci\u00f3n de equipos de mejora para temas espec\u00edficos.<\/li>\n<\/ul>\n\n\n\n<p>La direcci\u00f3n de Plas-Fit espera que sus empleados est\u00e9n familiarizados con la pol\u00edtica de calidad, trabajen constantemente para mejorar la calidad de su trabajo y vean esto como un objetivo principal. La gerencia enfatiza la importancia de esto en el marco de las capacitaciones y reuniones de los empleados y se asegura de transmitir a los empleados la importancia de su contribuci\u00f3n a la efectividad del sistema de calidad.<\/p>\n\n\n\n<figure class=\"wp-block-image size-large\"><img loading=\"lazy\" decoding=\"async\" width=\"1024\" height=\"482\" src=\"http:\/\/plas-fit.com\/wp-content\/uploads\/2022\/11\/\u200f\u200fDJI_0765-\u05e2\u05d5\u05ea\u05e7-1024x482.jpg\" alt=\"\" class=\"wp-image-2946\" srcset=\"https:\/\/www.plas-fit.com\/wp-content\/uploads\/2022\/11\/\u200f\u200fDJI_0765-\u05e2\u05d5\u05ea\u05e7-1024x482.jpg 1024w, https:\/\/www.plas-fit.com\/wp-content\/uploads\/2022\/11\/\u200f\u200fDJI_0765-\u05e2\u05d5\u05ea\u05e7-300x141.jpg 300w, https:\/\/www.plas-fit.com\/wp-content\/uploads\/2022\/11\/\u200f\u200fDJI_0765-\u05e2\u05d5\u05ea\u05e7-768x361.jpg 768w, https:\/\/www.plas-fit.com\/wp-content\/uploads\/2022\/11\/\u200f\u200fDJI_0765-\u05e2\u05d5\u05ea\u05e7-1536x723.jpg 1536w, https:\/\/www.plas-fit.com\/wp-content\/uploads\/2022\/11\/\u200f\u200fDJI_0765-\u05e2\u05d5\u05ea\u05e7-2048x964.jpg 2048w\" sizes=\"auto, (max-width: 1024px) 100vw, 1024px\" \/><\/figure>\n\n\n\n<h1 class=\"wp-block-heading\">institutos de normas<\/h1>\n\n\n\n<p>Plas-fit trabaja en cooperaci\u00f3n con los principales institutos de est\u00e1ndares en Israel y en todo el mundo.<br>Todos los productos de la empresa fabricados por nosotros o para nosotros, pasan las m\u00e1s estrictas pruebas con el fin de brindar a nuestros clientes productos de la m\u00e1s alta calidad y para su completa satisfacci\u00f3n.<br>A continuaci\u00f3n se muestra la lista de est\u00e1ndares existentes: (para descargar archivos, consulte la categor\u00eda de <a href=\"https:\/\/www.plas-fit.com\/downloads\/\" target=\"_blank\" rel=\"noreferrer noopener\">descargas<\/a>)<\/p>\n\n\n\n<figure class=\"wp-block-image size-full\"><img loading=\"lazy\" decoding=\"async\" width=\"773\" height=\"884\" src=\"https:\/\/www.plas-fit.com\/wp-content\/uploads\/2023\/05\/standards-sp.jpg\" alt=\"\" class=\"wp-image-7710\" srcset=\"https:\/\/www.plas-fit.com\/wp-content\/uploads\/2023\/05\/standards-sp.jpg 773w, https:\/\/www.plas-fit.com\/wp-content\/uploads\/2023\/05\/standards-sp-262x300.jpg 262w, https:\/\/www.plas-fit.com\/wp-content\/uploads\/2023\/05\/standards-sp-768x878.jpg 768w\" sizes=\"auto, (max-width: 773px) 100vw, 773px\" \/><\/figure>\n","protected":false},"excerpt":{"rendered":"<p>La gerencia de \u00abPlas-Fit Ltd\u00bb crea una atm\u00f3sfera de cultura de calidad total para crear valor agregado para nuestros clientes a lo largo del tiempo. La pol\u00edtica de calidad general crea valor agregado para los clientes de la empresa para aumentar su satisfacci\u00f3n con el uso de los productos de la empresa al contar con&#8230;<\/p>\n","protected":false},"author":3,"featured_media":6944,"parent":0,"menu_order":11,"comment_status":"closed","ping_status":"closed","template":"","meta":{"footnotes":""},"class_list":["post-7039","page","type-page","status-publish","has-post-thumbnail","hentry"],"yoast_head":"<!-- This site is optimized with the Yoast SEO plugin v27.3 - https:\/\/yoast.com\/product\/yoast-seo-wordpress\/ -->\n<title>Calidad - Plas fit<\/title>\n<meta name=\"robots\" content=\"index, follow, max-snippet:-1, max-image-preview:large, max-video-preview:-1\" \/>\n<link rel=\"canonical\" href=\"https:\/\/www.plas-fit.com\/quality\/\" \/>\n<meta property=\"og:locale\" content=\"es_ES\" \/>\n<meta property=\"og:type\" content=\"article\" \/>\n<meta property=\"og:title\" content=\"Calidad - Plas fit\" \/>\n<meta property=\"og:description\" content=\"La gerencia de \u00abPlas-Fit Ltd\u00bb crea una atm\u00f3sfera de cultura de calidad total para crear valor agregado para nuestros clientes a lo largo del tiempo. La pol\u00edtica de calidad general crea valor agregado para los clientes de la empresa para aumentar su satisfacci\u00f3n con el uso de los productos de la empresa al contar con...\" \/>\n<meta property=\"og:url\" content=\"https:\/\/www.plas-fit.com\/quality\/\" \/>\n<meta property=\"og:site_name\" content=\"Plas fit\" \/>\n<meta property=\"article:publisher\" content=\"https:\/\/www.facebook.com\/PlasfitLtd\/\" \/>\n<meta property=\"article:modified_time\" content=\"2023-05-09T07:42:47+00:00\" \/>\n<meta property=\"og:image\" content=\"https:\/\/www.plas-fit.com\/wp-content\/uploads\/2023\/01\/quality.jpg\" \/>\n\t<meta property=\"og:image:width\" content=\"1200\" \/>\n\t<meta property=\"og:image:height\" content=\"395\" \/>\n\t<meta property=\"og:image:type\" content=\"image\/jpeg\" \/>\n<meta name=\"twitter:card\" content=\"summary_large_image\" \/>\n<meta name=\"twitter:label1\" content=\"Tiempo de lectura\" \/>\n\t<meta name=\"twitter:data1\" content=\"2 minutos\" \/>\n<script type=\"application\/ld+json\" class=\"yoast-schema-graph\">{\"@context\":\"https:\\\/\\\/schema.org\",\"@graph\":[{\"@type\":\"WebPage\",\"@id\":\"https:\\\/\\\/www.plas-fit.com\\\/quality\\\/\",\"url\":\"https:\\\/\\\/www.plas-fit.com\\\/quality\\\/\",\"name\":\"Calidad - Plas fit\",\"isPartOf\":{\"@id\":\"https:\\\/\\\/www.plas-fit.com\\\/#website\"},\"primaryImageOfPage\":{\"@id\":\"https:\\\/\\\/www.plas-fit.com\\\/quality\\\/#primaryimage\"},\"image\":{\"@id\":\"https:\\\/\\\/www.plas-fit.com\\\/quality\\\/#primaryimage\"},\"thumbnailUrl\":\"https:\\\/\\\/www.plas-fit.com\\\/wp-content\\\/uploads\\\/2023\\\/01\\\/quality.jpg\",\"datePublished\":\"2022-11-20T14:16:08+00:00\",\"dateModified\":\"2023-05-09T07:42:47+00:00\",\"breadcrumb\":{\"@id\":\"https:\\\/\\\/www.plas-fit.com\\\/quality\\\/#breadcrumb\"},\"inLanguage\":\"es\",\"potentialAction\":[{\"@type\":\"ReadAction\",\"target\":[\"https:\\\/\\\/www.plas-fit.com\\\/quality\\\/\"]}]},{\"@type\":\"ImageObject\",\"inLanguage\":\"es\",\"@id\":\"https:\\\/\\\/www.plas-fit.com\\\/quality\\\/#primaryimage\",\"url\":\"https:\\\/\\\/www.plas-fit.com\\\/wp-content\\\/uploads\\\/2023\\\/01\\\/quality.jpg\",\"contentUrl\":\"https:\\\/\\\/www.plas-fit.com\\\/wp-content\\\/uploads\\\/2023\\\/01\\\/quality.jpg\",\"width\":1200,\"height\":395},{\"@type\":\"BreadcrumbList\",\"@id\":\"https:\\\/\\\/www.plas-fit.com\\\/quality\\\/#breadcrumb\",\"itemListElement\":[{\"@type\":\"ListItem\",\"position\":1,\"name\":\"P\u00e1gina de inicio\",\"item\":\"https:\\\/\\\/www.plas-fit.com\\\/es\\\/\"},{\"@type\":\"ListItem\",\"position\":2,\"name\":\"Calidad\"}]},{\"@type\":\"WebSite\",\"@id\":\"https:\\\/\\\/www.plas-fit.com\\\/#website\",\"url\":\"https:\\\/\\\/www.plas-fit.com\\\/\",\"name\":\"Plas fit\",\"description\":\"Just another WordPress site\",\"publisher\":{\"@id\":\"https:\\\/\\\/www.plas-fit.com\\\/#organization\"},\"potentialAction\":[{\"@type\":\"SearchAction\",\"target\":{\"@type\":\"EntryPoint\",\"urlTemplate\":\"https:\\\/\\\/www.plas-fit.com\\\/?s={search_term_string}\"},\"query-input\":{\"@type\":\"PropertyValueSpecification\",\"valueRequired\":true,\"valueName\":\"search_term_string\"}}],\"inLanguage\":\"es\"},{\"@type\":\"Organization\",\"@id\":\"https:\\\/\\\/www.plas-fit.com\\\/#organization\",\"name\":\"Plas-Fit\",\"url\":\"https:\\\/\\\/www.plas-fit.com\\\/\",\"logo\":{\"@type\":\"ImageObject\",\"inLanguage\":\"es\",\"@id\":\"https:\\\/\\\/www.plas-fit.com\\\/#\\\/schema\\\/logo\\\/image\\\/\",\"url\":\"http:\\\/\\\/www.plas-fit.com\\\/wp-content\\\/uploads\\\/2022\\\/07\\\/logo.png\",\"contentUrl\":\"http:\\\/\\\/www.plas-fit.com\\\/wp-content\\\/uploads\\\/2022\\\/07\\\/logo.png\",\"width\":148,\"height\":40,\"caption\":\"Plas-Fit\"},\"image\":{\"@id\":\"https:\\\/\\\/www.plas-fit.com\\\/#\\\/schema\\\/logo\\\/image\\\/\"},\"sameAs\":[\"https:\\\/\\\/www.facebook.com\\\/PlasfitLtd\\\/\",\"https:\\\/\\\/www.instagram.com\\\/plas_fit\\\/\",\"https:\\\/\\\/www.youtube.com\\\/channel\\\/UCOzEylF5mvQkYZj6yqSZK_A?view_as=subscriber\",\"https:\\\/\\\/www.linkedin.com\\\/company\\\/plas-fit\\\/\"]}]}<\/script>\n<!-- \/ Yoast SEO plugin. -->","yoast_head_json":{"title":"Calidad - Plas fit","robots":{"index":"index","follow":"follow","max-snippet":"max-snippet:-1","max-image-preview":"max-image-preview:large","max-video-preview":"max-video-preview:-1"},"canonical":"https:\/\/www.plas-fit.com\/quality\/","og_locale":"es_ES","og_type":"article","og_title":"Calidad - Plas fit","og_description":"La gerencia de \u00abPlas-Fit Ltd\u00bb crea una atm\u00f3sfera de cultura de calidad total para crear valor agregado para nuestros clientes a lo largo del tiempo. La pol\u00edtica de calidad general crea valor agregado para los clientes de la empresa para aumentar su satisfacci\u00f3n con el uso de los productos de la empresa al contar con...","og_url":"https:\/\/www.plas-fit.com\/quality\/","og_site_name":"Plas fit","article_publisher":"https:\/\/www.facebook.com\/PlasfitLtd\/","article_modified_time":"2023-05-09T07:42:47+00:00","og_image":[{"width":1200,"height":395,"url":"https:\/\/www.plas-fit.com\/wp-content\/uploads\/2023\/01\/quality.jpg","type":"image\/jpeg"}],"twitter_card":"summary_large_image","twitter_misc":{"Tiempo de lectura":"2 minutos"},"schema":{"@context":"https:\/\/schema.org","@graph":[{"@type":"WebPage","@id":"https:\/\/www.plas-fit.com\/quality\/","url":"https:\/\/www.plas-fit.com\/quality\/","name":"Calidad - Plas fit","isPartOf":{"@id":"https:\/\/www.plas-fit.com\/#website"},"primaryImageOfPage":{"@id":"https:\/\/www.plas-fit.com\/quality\/#primaryimage"},"image":{"@id":"https:\/\/www.plas-fit.com\/quality\/#primaryimage"},"thumbnailUrl":"https:\/\/www.plas-fit.com\/wp-content\/uploads\/2023\/01\/quality.jpg","datePublished":"2022-11-20T14:16:08+00:00","dateModified":"2023-05-09T07:42:47+00:00","breadcrumb":{"@id":"https:\/\/www.plas-fit.com\/quality\/#breadcrumb"},"inLanguage":"es","potentialAction":[{"@type":"ReadAction","target":["https:\/\/www.plas-fit.com\/quality\/"]}]},{"@type":"ImageObject","inLanguage":"es","@id":"https:\/\/www.plas-fit.com\/quality\/#primaryimage","url":"https:\/\/www.plas-fit.com\/wp-content\/uploads\/2023\/01\/quality.jpg","contentUrl":"https:\/\/www.plas-fit.com\/wp-content\/uploads\/2023\/01\/quality.jpg","width":1200,"height":395},{"@type":"BreadcrumbList","@id":"https:\/\/www.plas-fit.com\/quality\/#breadcrumb","itemListElement":[{"@type":"ListItem","position":1,"name":"P\u00e1gina de inicio","item":"https:\/\/www.plas-fit.com\/es\/"},{"@type":"ListItem","position":2,"name":"Calidad"}]},{"@type":"WebSite","@id":"https:\/\/www.plas-fit.com\/#website","url":"https:\/\/www.plas-fit.com\/","name":"Plas fit","description":"Just another WordPress site","publisher":{"@id":"https:\/\/www.plas-fit.com\/#organization"},"potentialAction":[{"@type":"SearchAction","target":{"@type":"EntryPoint","urlTemplate":"https:\/\/www.plas-fit.com\/?s={search_term_string}"},"query-input":{"@type":"PropertyValueSpecification","valueRequired":true,"valueName":"search_term_string"}}],"inLanguage":"es"},{"@type":"Organization","@id":"https:\/\/www.plas-fit.com\/#organization","name":"Plas-Fit","url":"https:\/\/www.plas-fit.com\/","logo":{"@type":"ImageObject","inLanguage":"es","@id":"https:\/\/www.plas-fit.com\/#\/schema\/logo\/image\/","url":"http:\/\/www.plas-fit.com\/wp-content\/uploads\/2022\/07\/logo.png","contentUrl":"http:\/\/www.plas-fit.com\/wp-content\/uploads\/2022\/07\/logo.png","width":148,"height":40,"caption":"Plas-Fit"},"image":{"@id":"https:\/\/www.plas-fit.com\/#\/schema\/logo\/image\/"},"sameAs":["https:\/\/www.facebook.com\/PlasfitLtd\/","https:\/\/www.instagram.com\/plas_fit\/","https:\/\/www.youtube.com\/channel\/UCOzEylF5mvQkYZj6yqSZK_A?view_as=subscriber","https:\/\/www.linkedin.com\/company\/plas-fit\/"]}]}},"_links":{"self":[{"href":"https:\/\/www.plas-fit.com\/es\/wp-json\/wp\/v2\/pages\/7039","targetHints":{"allow":["GET"]}}],"collection":[{"href":"https:\/\/www.plas-fit.com\/es\/wp-json\/wp\/v2\/pages"}],"about":[{"href":"https:\/\/www.plas-fit.com\/es\/wp-json\/wp\/v2\/types\/page"}],"author":[{"embeddable":true,"href":"https:\/\/www.plas-fit.com\/es\/wp-json\/wp\/v2\/users\/3"}],"replies":[{"embeddable":true,"href":"https:\/\/www.plas-fit.com\/es\/wp-json\/wp\/v2\/comments?post=7039"}],"version-history":[{"count":4,"href":"https:\/\/www.plas-fit.com\/es\/wp-json\/wp\/v2\/pages\/7039\/revisions"}],"predecessor-version":[{"id":7713,"href":"https:\/\/www.plas-fit.com\/es\/wp-json\/wp\/v2\/pages\/7039\/revisions\/7713"}],"wp:featuredmedia":[{"embeddable":true,"href":"https:\/\/www.plas-fit.com\/es\/wp-json\/wp\/v2\/media\/6944"}],"wp:attachment":[{"href":"https:\/\/www.plas-fit.com\/es\/wp-json\/wp\/v2\/media?parent=7039"}],"curies":[{"name":"wp","href":"https:\/\/api.w.org\/{rel}","templated":true}]}}