{"id":7038,"date":"2022-07-22T03:27:22","date_gmt":"2022-07-22T03:27:22","guid":{"rendered":"http:\/\/www.plas-fit.com\/corporate-responsibility\/"},"modified":"2023-05-09T07:42:14","modified_gmt":"2023-05-09T07:42:14","slug":"corporate-responsibility","status":"publish","type":"page","link":"https:\/\/www.plas-fit.com\/es\/corporate-responsibility\/","title":{"rendered":"Responsabilidad Corporativa"},"content":{"rendered":"\n<p>Desde que se estableci\u00f3 Plas-Fit (anteriormente Plassim Fittings) en 1998, nuestra gente siempre se ha comportado con suposiciones y valores claros: ser los l\u00edderes en nuestro campo, invirtiendo en las personas y respetando nuestro entorno social, natural y cultural.<\/p>\n\n\n\n<p>Nuestro objetivo, como organizaci\u00f3n responsable y sostenible, es ser lo m\u00e1s transparente posible con respecto a nuestras actividades comerciales; Establecer con nuestros clientes, proveedores y empleados por nosotros, relaciones basadas en la confianza, as\u00ed como con instituciones p\u00fablicas y factores privados y con la sociedad.<br>Vemos una gran importancia en garantizar la implementaci\u00f3n de la infraestructura \u00e9tica que demuestre el compromiso de nuestra empresa con actividades \u00e9ticas, basadas en valores y transparentes, adem\u00e1s de ser el principal componente de confianza con nuestros empleados, clientes y socios comerciales.<\/p>\n\n\n\n<p>En 2018 publicamos la primera versi\u00f3n de nuestro C\u00f3digo de \u00c9tica, lo que permiti\u00f3 su difusi\u00f3n entre los colaboradores de la empresa.<br>En los \u00faltimos a\u00f1os se han producido cambios en la sociedad y la legislaci\u00f3n, que junto con la experiencia que hemos adquirido con el primer documento, nos han llevado a crear en 2021 una segunda versi\u00f3n del C\u00f3digo \u00c9tico de Plas-Fit, que cumple tanto con las normas locales y legislaci\u00f3n y regulaci\u00f3n global. Esto incluye comportamientos que est\u00e1n prohibidos por la ley, que se actualizan peri\u00f3dicamente.<br>En 2021, completamos el proceso de construcci\u00f3n de la infraestructura \u00e9tica, que incluy\u00f3 la implementaci\u00f3n de un c\u00f3digo de \u00e9tica renovado, una serie de documentos de pol\u00edtica sobre temas fundamentales y la actualizaci\u00f3n de los principales procedimientos de trabajo. La actualizaci\u00f3n se realiz\u00f3 a partir de un replanteamiento de los temas fundamentales, como parte de un proceso de amplio trabajo estrat\u00e9gico realizado y de los principales cambios ocurridos en el entorno empresarial, social y ambiental.<\/p>\n\n\n\n<p>Los documentos de pol\u00edtica actuales de Plas-Fit presentan las declaraciones de posici\u00f3n y los principios de la empresa sobre una serie de cuestiones fundamentales, incluidos los derechos humanos, la diversidad y la inclusi\u00f3n, la sostenibilidad ambiental, la salud y la seguridad de los empleados, la contribuci\u00f3n a nuestra comunidad, la prevenci\u00f3n del soborno y la corrupci\u00f3n.<\/p>\n\n\n\n<p><a href=\"https:\/\/www.plas-fit.com\/wp-content\/uploads\/2023\/01\/PF-Ethics-Code-eng-07_compressed-1.pdf\" target=\"_blank\" rel=\"noreferrer noopener\">Descarga nuestro C\u00f3digo \u00c9tico<\/a><\/p>\n\n\n\n<figure class=\"wp-block-image size-full\"><img loading=\"lazy\" decoding=\"async\" width=\"970\" height=\"319\" src=\"http:\/\/plas-fit.com\/wp-content\/uploads\/2022\/08\/building.png\" alt=\"\" class=\"wp-image-604\" srcset=\"https:\/\/www.plas-fit.com\/wp-content\/uploads\/2022\/08\/building.png 970w, https:\/\/www.plas-fit.com\/wp-content\/uploads\/2022\/08\/building-300x99.png 300w, https:\/\/www.plas-fit.com\/wp-content\/uploads\/2022\/08\/building-768x253.png 768w\" sizes=\"auto, (max-width: 970px) 100vw, 970px\" \/><\/figure>\n\n\n\n<h1 class=\"wp-block-heading\">Calificaci\u00f3n Ecovadis<\/h1>\n\n\n\n<p>Hemos sido galardonados con una medalla de plata por nuestra evaluaci\u00f3n RSE Ecovadis 2022, lo que nos ubica en el 25&nbsp;% de las mejores empresas calificadas por sostenibilidad.<br>Esto premia el esfuerzo diario de la empresa en materia de \u00e9tica empresarial, respeto por el medio ambiente y los recursos humanos, derechos humanos y pr\u00e1cticas de compra. Buscamos la mejora continua en todos los campos de nuestra actividad.<\/p>\n\n\n\n<figure class=\"wp-block-image size-large\"><img loading=\"lazy\" decoding=\"async\" width=\"1024\" height=\"1024\" src=\"http:\/\/plas-fit.com\/wp-content\/uploads\/2022\/11\/csr-1024x1024.png\" alt=\"\" class=\"wp-image-2885\" srcset=\"https:\/\/www.plas-fit.com\/wp-content\/uploads\/2022\/11\/csr-1024x1024.png 1024w, https:\/\/www.plas-fit.com\/wp-content\/uploads\/2022\/11\/csr-300x300.png 300w, https:\/\/www.plas-fit.com\/wp-content\/uploads\/2022\/11\/csr-150x150.png 150w, https:\/\/www.plas-fit.com\/wp-content\/uploads\/2022\/11\/csr-768x768.png 768w, https:\/\/www.plas-fit.com\/wp-content\/uploads\/2022\/11\/csr-1536x1536.png 1536w, https:\/\/www.plas-fit.com\/wp-content\/uploads\/2022\/11\/csr.png 1667w\" sizes=\"auto, (max-width: 1024px) 100vw, 1024px\" \/><\/figure>\n\n\n\n<h1 class=\"wp-block-heading\">Marca de etiqueta verde<\/h1>\n\n\n\n<p>El&nbsp;est\u00e1ndar verde&nbsp;es otorgado por el Instituto de Est\u00e1ndares de Israel y el Ministerio de Protecci\u00f3n Ambiental a las empresas que fabrican un producto que es inofensivo para el medio ambiente. La marca se otorga a productos que mejoran la eficiencia energ\u00e9tica, reducen el uso de materiales peligrosos, reutilizables y m\u00e1s.<br>Este permiso se otorga a nuestra empresa despu\u00e9s de una recomendaci\u00f3n de los comit\u00e9s profesionales y la aprobaci\u00f3n del comit\u00e9 de permisos. Los comit\u00e9s, que son comit\u00e9s p\u00fablicos, examinan algunos factores a la luz de los requisitos de la ley en el campo de la protecci\u00f3n ambiental:<\/p>\n\n\n\n<p>-los resultados de su laboratorio<br>-la conformidad de nuestros productos con las especificaciones ecol\u00f3gicas pertinentes<br>-el cumplimiento de nuestra f\u00e1brica que produce el producto.<\/p>\n\n\n\n<p>La marca fue otorgada a nuestra empresa por el Instituto de Normas de Israel despu\u00e9s de una evaluaci\u00f3n general de la calidad ambiental del producto, en comparaci\u00f3n con otros productos de la misma categor\u00eda y estamos orgullosos de ser la \u00fanica empresa en Israel con una etiqueta verde en esta categor\u00eda. para estas l\u00edneas de productos:<br>-Para conectores de agua fr\u00eda (PN 16) Serie 150<br>-Super-Fit \u2013accesorios modulares para colectores de riego<\/p>\n","protected":false},"excerpt":{"rendered":"<p>Desde que se estableci\u00f3 Plas-Fit (anteriormente Plassim Fittings) en 1998, nuestra gente siempre se ha comportado con suposiciones y valores claros: ser los l\u00edderes en nuestro campo, invirtiendo en las personas y respetando nuestro entorno social, natural y cultural. Nuestro objetivo, como organizaci\u00f3n responsable y sostenible, es ser lo m\u00e1s transparente posible con respecto a&#8230;<\/p>\n","protected":false},"author":1,"featured_media":6943,"parent":0,"menu_order":7,"comment_status":"closed","ping_status":"closed","template":"","meta":{"footnotes":""},"class_list":["post-7038","page","type-page","status-publish","has-post-thumbnail","hentry"],"yoast_head":"<!-- This site is optimized with the Yoast SEO plugin v27.3 - https:\/\/yoast.com\/product\/yoast-seo-wordpress\/ -->\n<title>Responsabilidad Corporativa - Plas fit<\/title>\n<meta name=\"robots\" content=\"index, follow, max-snippet:-1, max-image-preview:large, max-video-preview:-1\" \/>\n<link rel=\"canonical\" href=\"https:\/\/www.plas-fit.com\/corporate-responsibility\/\" \/>\n<meta property=\"og:locale\" content=\"es_ES\" \/>\n<meta property=\"og:type\" content=\"article\" \/>\n<meta property=\"og:title\" content=\"Responsabilidad Corporativa - Plas fit\" \/>\n<meta property=\"og:description\" content=\"Desde que se estableci\u00f3 Plas-Fit (anteriormente Plassim Fittings) en 1998, nuestra gente siempre se ha comportado con suposiciones y valores claros: ser los l\u00edderes en nuestro campo, invirtiendo en las personas y respetando nuestro entorno social, natural y cultural. Nuestro objetivo, como organizaci\u00f3n responsable y sostenible, es ser lo m\u00e1s transparente posible con respecto a...\" \/>\n<meta property=\"og:url\" content=\"https:\/\/www.plas-fit.com\/corporate-responsibility\/\" \/>\n<meta property=\"og:site_name\" content=\"Plas fit\" \/>\n<meta property=\"article:publisher\" content=\"https:\/\/www.facebook.com\/PlasfitLtd\/\" \/>\n<meta property=\"article:modified_time\" content=\"2023-05-09T07:42:14+00:00\" \/>\n<meta property=\"og:image\" content=\"https:\/\/www.plas-fit.com\/wp-content\/uploads\/2023\/01\/sustainability.jpg\" \/>\n\t<meta property=\"og:image:width\" content=\"1200\" \/>\n\t<meta property=\"og:image:height\" content=\"395\" \/>\n\t<meta property=\"og:image:type\" content=\"image\/jpeg\" \/>\n<meta name=\"twitter:card\" content=\"summary_large_image\" \/>\n<meta name=\"twitter:label1\" content=\"Tiempo de lectura\" \/>\n\t<meta name=\"twitter:data1\" content=\"3 minutos\" \/>\n<script type=\"application\/ld+json\" class=\"yoast-schema-graph\">{\"@context\":\"https:\\\/\\\/schema.org\",\"@graph\":[{\"@type\":\"WebPage\",\"@id\":\"https:\\\/\\\/www.plas-fit.com\\\/corporate-responsibility\\\/\",\"url\":\"https:\\\/\\\/www.plas-fit.com\\\/corporate-responsibility\\\/\",\"name\":\"Responsabilidad Corporativa - Plas fit\",\"isPartOf\":{\"@id\":\"https:\\\/\\\/www.plas-fit.com\\\/#website\"},\"primaryImageOfPage\":{\"@id\":\"https:\\\/\\\/www.plas-fit.com\\\/corporate-responsibility\\\/#primaryimage\"},\"image\":{\"@id\":\"https:\\\/\\\/www.plas-fit.com\\\/corporate-responsibility\\\/#primaryimage\"},\"thumbnailUrl\":\"https:\\\/\\\/www.plas-fit.com\\\/wp-content\\\/uploads\\\/2023\\\/01\\\/sustainability.jpg\",\"datePublished\":\"2022-07-22T03:27:22+00:00\",\"dateModified\":\"2023-05-09T07:42:14+00:00\",\"breadcrumb\":{\"@id\":\"https:\\\/\\\/www.plas-fit.com\\\/corporate-responsibility\\\/#breadcrumb\"},\"inLanguage\":\"es\",\"potentialAction\":[{\"@type\":\"ReadAction\",\"target\":[\"https:\\\/\\\/www.plas-fit.com\\\/corporate-responsibility\\\/\"]}]},{\"@type\":\"ImageObject\",\"inLanguage\":\"es\",\"@id\":\"https:\\\/\\\/www.plas-fit.com\\\/corporate-responsibility\\\/#primaryimage\",\"url\":\"https:\\\/\\\/www.plas-fit.com\\\/wp-content\\\/uploads\\\/2023\\\/01\\\/sustainability.jpg\",\"contentUrl\":\"https:\\\/\\\/www.plas-fit.com\\\/wp-content\\\/uploads\\\/2023\\\/01\\\/sustainability.jpg\",\"width\":1200,\"height\":395},{\"@type\":\"BreadcrumbList\",\"@id\":\"https:\\\/\\\/www.plas-fit.com\\\/corporate-responsibility\\\/#breadcrumb\",\"itemListElement\":[{\"@type\":\"ListItem\",\"position\":1,\"name\":\"P\u00e1gina de inicio\",\"item\":\"https:\\\/\\\/www.plas-fit.com\\\/es\\\/\"},{\"@type\":\"ListItem\",\"position\":2,\"name\":\"Responsabilidad Corporativa\"}]},{\"@type\":\"WebSite\",\"@id\":\"https:\\\/\\\/www.plas-fit.com\\\/#website\",\"url\":\"https:\\\/\\\/www.plas-fit.com\\\/\",\"name\":\"Plas fit\",\"description\":\"Just another WordPress site\",\"publisher\":{\"@id\":\"https:\\\/\\\/www.plas-fit.com\\\/#organization\"},\"potentialAction\":[{\"@type\":\"SearchAction\",\"target\":{\"@type\":\"EntryPoint\",\"urlTemplate\":\"https:\\\/\\\/www.plas-fit.com\\\/?s={search_term_string}\"},\"query-input\":{\"@type\":\"PropertyValueSpecification\",\"valueRequired\":true,\"valueName\":\"search_term_string\"}}],\"inLanguage\":\"es\"},{\"@type\":\"Organization\",\"@id\":\"https:\\\/\\\/www.plas-fit.com\\\/#organization\",\"name\":\"Plas-Fit\",\"url\":\"https:\\\/\\\/www.plas-fit.com\\\/\",\"logo\":{\"@type\":\"ImageObject\",\"inLanguage\":\"es\",\"@id\":\"https:\\\/\\\/www.plas-fit.com\\\/#\\\/schema\\\/logo\\\/image\\\/\",\"url\":\"http:\\\/\\\/www.plas-fit.com\\\/wp-content\\\/uploads\\\/2022\\\/07\\\/logo.png\",\"contentUrl\":\"http:\\\/\\\/www.plas-fit.com\\\/wp-content\\\/uploads\\\/2022\\\/07\\\/logo.png\",\"width\":148,\"height\":40,\"caption\":\"Plas-Fit\"},\"image\":{\"@id\":\"https:\\\/\\\/www.plas-fit.com\\\/#\\\/schema\\\/logo\\\/image\\\/\"},\"sameAs\":[\"https:\\\/\\\/www.facebook.com\\\/PlasfitLtd\\\/\",\"https:\\\/\\\/www.instagram.com\\\/plas_fit\\\/\",\"https:\\\/\\\/www.youtube.com\\\/channel\\\/UCOzEylF5mvQkYZj6yqSZK_A?view_as=subscriber\",\"https:\\\/\\\/www.linkedin.com\\\/company\\\/plas-fit\\\/\"]}]}<\/script>\n<!-- \/ Yoast SEO plugin. -->","yoast_head_json":{"title":"Responsabilidad Corporativa - Plas fit","robots":{"index":"index","follow":"follow","max-snippet":"max-snippet:-1","max-image-preview":"max-image-preview:large","max-video-preview":"max-video-preview:-1"},"canonical":"https:\/\/www.plas-fit.com\/corporate-responsibility\/","og_locale":"es_ES","og_type":"article","og_title":"Responsabilidad Corporativa - Plas fit","og_description":"Desde que se estableci\u00f3 Plas-Fit (anteriormente Plassim Fittings) en 1998, nuestra gente siempre se ha comportado con suposiciones y valores claros: ser los l\u00edderes en nuestro campo, invirtiendo en las personas y respetando nuestro entorno social, natural y cultural. Nuestro objetivo, como organizaci\u00f3n responsable y sostenible, es ser lo m\u00e1s transparente posible con respecto a...","og_url":"https:\/\/www.plas-fit.com\/corporate-responsibility\/","og_site_name":"Plas fit","article_publisher":"https:\/\/www.facebook.com\/PlasfitLtd\/","article_modified_time":"2023-05-09T07:42:14+00:00","og_image":[{"width":1200,"height":395,"url":"https:\/\/www.plas-fit.com\/wp-content\/uploads\/2023\/01\/sustainability.jpg","type":"image\/jpeg"}],"twitter_card":"summary_large_image","twitter_misc":{"Tiempo de lectura":"3 minutos"},"schema":{"@context":"https:\/\/schema.org","@graph":[{"@type":"WebPage","@id":"https:\/\/www.plas-fit.com\/corporate-responsibility\/","url":"https:\/\/www.plas-fit.com\/corporate-responsibility\/","name":"Responsabilidad Corporativa - Plas fit","isPartOf":{"@id":"https:\/\/www.plas-fit.com\/#website"},"primaryImageOfPage":{"@id":"https:\/\/www.plas-fit.com\/corporate-responsibility\/#primaryimage"},"image":{"@id":"https:\/\/www.plas-fit.com\/corporate-responsibility\/#primaryimage"},"thumbnailUrl":"https:\/\/www.plas-fit.com\/wp-content\/uploads\/2023\/01\/sustainability.jpg","datePublished":"2022-07-22T03:27:22+00:00","dateModified":"2023-05-09T07:42:14+00:00","breadcrumb":{"@id":"https:\/\/www.plas-fit.com\/corporate-responsibility\/#breadcrumb"},"inLanguage":"es","potentialAction":[{"@type":"ReadAction","target":["https:\/\/www.plas-fit.com\/corporate-responsibility\/"]}]},{"@type":"ImageObject","inLanguage":"es","@id":"https:\/\/www.plas-fit.com\/corporate-responsibility\/#primaryimage","url":"https:\/\/www.plas-fit.com\/wp-content\/uploads\/2023\/01\/sustainability.jpg","contentUrl":"https:\/\/www.plas-fit.com\/wp-content\/uploads\/2023\/01\/sustainability.jpg","width":1200,"height":395},{"@type":"BreadcrumbList","@id":"https:\/\/www.plas-fit.com\/corporate-responsibility\/#breadcrumb","itemListElement":[{"@type":"ListItem","position":1,"name":"P\u00e1gina de inicio","item":"https:\/\/www.plas-fit.com\/es\/"},{"@type":"ListItem","position":2,"name":"Responsabilidad Corporativa"}]},{"@type":"WebSite","@id":"https:\/\/www.plas-fit.com\/#website","url":"https:\/\/www.plas-fit.com\/","name":"Plas fit","description":"Just another WordPress site","publisher":{"@id":"https:\/\/www.plas-fit.com\/#organization"},"potentialAction":[{"@type":"SearchAction","target":{"@type":"EntryPoint","urlTemplate":"https:\/\/www.plas-fit.com\/?s={search_term_string}"},"query-input":{"@type":"PropertyValueSpecification","valueRequired":true,"valueName":"search_term_string"}}],"inLanguage":"es"},{"@type":"Organization","@id":"https:\/\/www.plas-fit.com\/#organization","name":"Plas-Fit","url":"https:\/\/www.plas-fit.com\/","logo":{"@type":"ImageObject","inLanguage":"es","@id":"https:\/\/www.plas-fit.com\/#\/schema\/logo\/image\/","url":"http:\/\/www.plas-fit.com\/wp-content\/uploads\/2022\/07\/logo.png","contentUrl":"http:\/\/www.plas-fit.com\/wp-content\/uploads\/2022\/07\/logo.png","width":148,"height":40,"caption":"Plas-Fit"},"image":{"@id":"https:\/\/www.plas-fit.com\/#\/schema\/logo\/image\/"},"sameAs":["https:\/\/www.facebook.com\/PlasfitLtd\/","https:\/\/www.instagram.com\/plas_fit\/","https:\/\/www.youtube.com\/channel\/UCOzEylF5mvQkYZj6yqSZK_A?view_as=subscriber","https:\/\/www.linkedin.com\/company\/plas-fit\/"]}]}},"_links":{"self":[{"href":"https:\/\/www.plas-fit.com\/es\/wp-json\/wp\/v2\/pages\/7038","targetHints":{"allow":["GET"]}}],"collection":[{"href":"https:\/\/www.plas-fit.com\/es\/wp-json\/wp\/v2\/pages"}],"about":[{"href":"https:\/\/www.plas-fit.com\/es\/wp-json\/wp\/v2\/types\/page"}],"author":[{"embeddable":true,"href":"https:\/\/www.plas-fit.com\/es\/wp-json\/wp\/v2\/users\/1"}],"replies":[{"embeddable":true,"href":"https:\/\/www.plas-fit.com\/es\/wp-json\/wp\/v2\/comments?post=7038"}],"version-history":[{"count":1,"href":"https:\/\/www.plas-fit.com\/es\/wp-json\/wp\/v2\/pages\/7038\/revisions"}],"predecessor-version":[{"id":7703,"href":"https:\/\/www.plas-fit.com\/es\/wp-json\/wp\/v2\/pages\/7038\/revisions\/7703"}],"wp:featuredmedia":[{"embeddable":true,"href":"https:\/\/www.plas-fit.com\/es\/wp-json\/wp\/v2\/media\/6943"}],"wp:attachment":[{"href":"https:\/\/www.plas-fit.com\/es\/wp-json\/wp\/v2\/media?parent=7038"}],"curies":[{"name":"wp","href":"https:\/\/api.w.org\/{rel}","templated":true}]}}