{"id":7037,"date":"2022-07-22T03:27:22","date_gmt":"2022-07-22T03:27:22","guid":{"rendered":"http:\/\/www.plas-fit.com\/about-plas-fit\/"},"modified":"2023-05-10T09:27:09","modified_gmt":"2023-05-10T09:27:09","slug":"about-plas-fit","status":"publish","type":"page","link":"https:\/\/www.plas-fit.com\/es\/about-plas-fit\/","title":{"rendered":"Acerca de Plas-Fit"},"content":{"rendered":"\n<p dir=\"ltr\"><\/p>\n\n\n\n<p>Plas-Fit es una compa\u00f1\u00eda que siempre piensa creativamente, ama los desaf\u00edos, es humilde y determinada, con profundas ra\u00edces y amplio conocimiento de pl\u00e1sticos. &nbsp;<\/p>\n\n\n\n<p>La historia de Plassim Fittings se remonta a 1960 en el Kibutz Merhavia, donde se fund\u00f3 la compa\u00f1\u00eda productora de tubos para usos agr\u00edcolas que incursion\u00f3 gradualmente en el \u00e1mbito de los adaptadores.&nbsp; Esta experiencia combinada conlleva muchas d\u00e9cadas de conocimiento del \u00e1rea agr\u00edcola y una verdadera conexi\u00f3n con el campo.<\/p>\n\n\n\n<p>La historia de Friedrich Molds comenz\u00f3 con el se\u00f1or Israel Friedrich, uno de los pioneros y fundadores de la industria del pl\u00e1stico en Israel, quien estableci\u00f3 la compa\u00f1\u00eda (Friedrich Molds) en 1978, dedicada al pl\u00e1stico y moldes de pl\u00e1stico. La uni\u00f3n de las fortalezas de Friedrich Molds y Plassim Fittings dio como resultado la creaci\u00f3n de Plas-Fit, una compa\u00f1\u00eda innovadora y vanguardista en la que se combinan el conocimiento profundo de m\u00e1s de 40 a\u00f1os en pl\u00e1sticos y el conocimiento profundo de m\u00e1s de 60 a\u00f1os en riego y soluciones de comunicaci\u00f3n.<\/p>\n\n\n\n<p>En 2022 adquirimos la compa\u00f1\u00eda \u201cTavlit Plastic\u201d y agregamos a sus excelentes l\u00edneas de productos nuestro servicio, innovaci\u00f3n y soporte a clientes.<\/p>\n\n\n\n<p>Adquirimos tambi\u00e9n la compa\u00f1\u00eda \u201cRain Line,\u201d el importador exclusivo en Israel de los productos Rain SPA de Italia, que al igual que Tavlit y Plas-Fit, es una compa\u00f1\u00eda con ra\u00edces y conexiones profundas en Israel. En conjunto, poseemos m\u00e1s de 150 a\u00f1os de experiencia, excelencia y amor verdadero a este \u00e1mbito de competencia.<\/p>\n\n\n\n<p>A partir de 2022, nos convertimos en los importadores israel\u00eds exclusivos de COMER, la compa\u00f1\u00eda italiana l\u00edder en juntas de PVC de calidad superior.<br>\u200bPlas-Fit, junto con Tavlit Plastic y Rain Line es una compa\u00f1\u00eda que se fija metas para renovarse y traer nuevas soluciones para mejorar continuamente y progresar como parte de nuestro ADN.&nbsp;<\/p>\n\n\n\n<p>Consideramos que es importante hacer lo que amamos y amar lo que hacemos, as\u00ed que seleccionamos cuidadosamente a nuestros empleados a fin de crear una compa\u00f1\u00eda innovadora, de vanguardia, conectada con nuestros clientes y colegas, una compa\u00f1\u00eda en la que sea divertido trabajar con y en ella.<\/p>\n\n\n\n<p>Creemos en la innovaci\u00f3n como modo de vida y consideramos que una verdadera conexi\u00f3n con nuestros clientes y el campo crea una manera innovadora, confiable, r\u00e1pida y f\u00e1cil de instalar nuestros productos.<\/p>\n\n\n\n<p>Como parte central de nuestros valores fundamentales y entendimiento profundo de que cada cliente es un mundo completo con diferentes necesidades, proporcionamos servicio flexible y personal que se deriva de un sentido de misi\u00f3n.<\/p>\n\n\n\n<p>Estamos aqu\u00ed para desarrollar el pr\u00f3ximo producto que dar\u00e1 tranquilidad y confianza y crear\u00e1 soluciones simples y r\u00e1pidas que har\u00e1n su trabajo m\u00e1s eficiente.&nbsp; Creemos que merecen trabajar con la m\u00e1s alta calidad, de manera sencilla y sin preocupaciones, porque sabemos que el tiempo es su recurso m\u00e1s valioso.<\/p>\n\n\n\n<p><strong>\u00a1Estamos conectados con su \u00e9xito!<\/strong><strong><br><\/strong><\/p>\n\n\n\n<figure class=\"wp-block-image size-full\"><img loading=\"lazy\" decoding=\"async\" width=\"245\" height=\"243\" src=\"http:\/\/www.plas-fit.com\/wp-content\/uploads\/2022\/10\/Vector-Smart-Object.png\" alt=\"\" class=\"wp-image-1455\" srcset=\"https:\/\/www.plas-fit.com\/wp-content\/uploads\/2022\/10\/Vector-Smart-Object.png 245w, https:\/\/www.plas-fit.com\/wp-content\/uploads\/2022\/10\/Vector-Smart-Object-150x150.png 150w\" sizes=\"auto, (max-width: 245px) 100vw, 245px\" \/><\/figure>\n","protected":false},"excerpt":{"rendered":"<p>Plas-Fit es una compa\u00f1\u00eda que siempre piensa creativamente, ama los desaf\u00edos, es humilde y determinada, con profundas ra\u00edces y amplio conocimiento de pl\u00e1sticos. &nbsp; La historia de Plassim Fittings se remonta a 1960 en el Kibutz Merhavia, donde se fund\u00f3 la compa\u00f1\u00eda productora de tubos para usos agr\u00edcolas que incursion\u00f3 gradualmente en el \u00e1mbito de&#8230;<\/p>\n","protected":false},"author":1,"featured_media":6357,"parent":0,"menu_order":5,"comment_status":"closed","ping_status":"closed","template":"","meta":{"footnotes":""},"class_list":["post-7037","page","type-page","status-publish","has-post-thumbnail","hentry"],"yoast_head":"<!-- This site is optimized with the Yoast SEO plugin v27.3 - https:\/\/yoast.com\/product\/yoast-seo-wordpress\/ -->\n<title>Acerca de Plas-Fit - Plas fit<\/title>\n<meta name=\"robots\" content=\"index, follow, max-snippet:-1, max-image-preview:large, max-video-preview:-1\" \/>\n<link rel=\"canonical\" href=\"https:\/\/www.plas-fit.com\/about-plas-fit\/\" \/>\n<meta property=\"og:locale\" content=\"es_ES\" \/>\n<meta property=\"og:type\" content=\"article\" \/>\n<meta property=\"og:title\" content=\"Acerca de Plas-Fit - Plas fit\" \/>\n<meta property=\"og:description\" content=\"Plas-Fit es una compa\u00f1\u00eda que siempre piensa creativamente, ama los desaf\u00edos, es humilde y determinada, con profundas ra\u00edces y amplio conocimiento de pl\u00e1sticos. &nbsp; La historia de Plassim Fittings se remonta a 1960 en el Kibutz Merhavia, donde se fund\u00f3 la compa\u00f1\u00eda productora de tubos para usos agr\u00edcolas que incursion\u00f3 gradualmente en el \u00e1mbito de...\" \/>\n<meta property=\"og:url\" content=\"https:\/\/www.plas-fit.com\/about-plas-fit\/\" \/>\n<meta property=\"og:site_name\" content=\"Plas fit\" \/>\n<meta property=\"article:publisher\" content=\"https:\/\/www.facebook.com\/PlasfitLtd\/\" \/>\n<meta property=\"article:modified_time\" content=\"2023-05-10T09:27:09+00:00\" \/>\n<meta property=\"og:image\" content=\"https:\/\/www.plas-fit.com\/wp-content\/uploads\/2022\/09\/about.jpg\" \/>\n\t<meta property=\"og:image:width\" content=\"970\" \/>\n\t<meta property=\"og:image:height\" content=\"318\" \/>\n\t<meta property=\"og:image:type\" content=\"image\/jpeg\" \/>\n<meta name=\"twitter:card\" content=\"summary_large_image\" \/>\n<meta name=\"twitter:label1\" content=\"Tiempo de lectura\" \/>\n\t<meta name=\"twitter:data1\" content=\"3 minutos\" \/>\n<script type=\"application\/ld+json\" class=\"yoast-schema-graph\">{\"@context\":\"https:\\\/\\\/schema.org\",\"@graph\":[{\"@type\":\"WebPage\",\"@id\":\"https:\\\/\\\/www.plas-fit.com\\\/about-plas-fit\\\/\",\"url\":\"https:\\\/\\\/www.plas-fit.com\\\/about-plas-fit\\\/\",\"name\":\"Acerca de Plas-Fit - Plas fit\",\"isPartOf\":{\"@id\":\"https:\\\/\\\/www.plas-fit.com\\\/#website\"},\"primaryImageOfPage\":{\"@id\":\"https:\\\/\\\/www.plas-fit.com\\\/about-plas-fit\\\/#primaryimage\"},\"image\":{\"@id\":\"https:\\\/\\\/www.plas-fit.com\\\/about-plas-fit\\\/#primaryimage\"},\"thumbnailUrl\":\"https:\\\/\\\/www.plas-fit.com\\\/wp-content\\\/uploads\\\/2022\\\/09\\\/about.jpg\",\"datePublished\":\"2022-07-22T03:27:22+00:00\",\"dateModified\":\"2023-05-10T09:27:09+00:00\",\"breadcrumb\":{\"@id\":\"https:\\\/\\\/www.plas-fit.com\\\/about-plas-fit\\\/#breadcrumb\"},\"inLanguage\":\"es\",\"potentialAction\":[{\"@type\":\"ReadAction\",\"target\":[\"https:\\\/\\\/www.plas-fit.com\\\/about-plas-fit\\\/\"]}]},{\"@type\":\"ImageObject\",\"inLanguage\":\"es\",\"@id\":\"https:\\\/\\\/www.plas-fit.com\\\/about-plas-fit\\\/#primaryimage\",\"url\":\"https:\\\/\\\/www.plas-fit.com\\\/wp-content\\\/uploads\\\/2022\\\/09\\\/about.jpg\",\"contentUrl\":\"https:\\\/\\\/www.plas-fit.com\\\/wp-content\\\/uploads\\\/2022\\\/09\\\/about.jpg\",\"width\":970,\"height\":318},{\"@type\":\"BreadcrumbList\",\"@id\":\"https:\\\/\\\/www.plas-fit.com\\\/about-plas-fit\\\/#breadcrumb\",\"itemListElement\":[{\"@type\":\"ListItem\",\"position\":1,\"name\":\"P\u00e1gina de inicio\",\"item\":\"https:\\\/\\\/www.plas-fit.com\\\/es\\\/\"},{\"@type\":\"ListItem\",\"position\":2,\"name\":\"Acerca de Plas-Fit\"}]},{\"@type\":\"WebSite\",\"@id\":\"https:\\\/\\\/www.plas-fit.com\\\/#website\",\"url\":\"https:\\\/\\\/www.plas-fit.com\\\/\",\"name\":\"Plas fit\",\"description\":\"Just another WordPress site\",\"publisher\":{\"@id\":\"https:\\\/\\\/www.plas-fit.com\\\/#organization\"},\"potentialAction\":[{\"@type\":\"SearchAction\",\"target\":{\"@type\":\"EntryPoint\",\"urlTemplate\":\"https:\\\/\\\/www.plas-fit.com\\\/?s={search_term_string}\"},\"query-input\":{\"@type\":\"PropertyValueSpecification\",\"valueRequired\":true,\"valueName\":\"search_term_string\"}}],\"inLanguage\":\"es\"},{\"@type\":\"Organization\",\"@id\":\"https:\\\/\\\/www.plas-fit.com\\\/#organization\",\"name\":\"Plas-Fit\",\"url\":\"https:\\\/\\\/www.plas-fit.com\\\/\",\"logo\":{\"@type\":\"ImageObject\",\"inLanguage\":\"es\",\"@id\":\"https:\\\/\\\/www.plas-fit.com\\\/#\\\/schema\\\/logo\\\/image\\\/\",\"url\":\"http:\\\/\\\/www.plas-fit.com\\\/wp-content\\\/uploads\\\/2022\\\/07\\\/logo.png\",\"contentUrl\":\"http:\\\/\\\/www.plas-fit.com\\\/wp-content\\\/uploads\\\/2022\\\/07\\\/logo.png\",\"width\":148,\"height\":40,\"caption\":\"Plas-Fit\"},\"image\":{\"@id\":\"https:\\\/\\\/www.plas-fit.com\\\/#\\\/schema\\\/logo\\\/image\\\/\"},\"sameAs\":[\"https:\\\/\\\/www.facebook.com\\\/PlasfitLtd\\\/\",\"https:\\\/\\\/www.instagram.com\\\/plas_fit\\\/\",\"https:\\\/\\\/www.youtube.com\\\/channel\\\/UCOzEylF5mvQkYZj6yqSZK_A?view_as=subscriber\",\"https:\\\/\\\/www.linkedin.com\\\/company\\\/plas-fit\\\/\"]}]}<\/script>\n<!-- \/ Yoast SEO plugin. -->","yoast_head_json":{"title":"Acerca de Plas-Fit - Plas fit","robots":{"index":"index","follow":"follow","max-snippet":"max-snippet:-1","max-image-preview":"max-image-preview:large","max-video-preview":"max-video-preview:-1"},"canonical":"https:\/\/www.plas-fit.com\/about-plas-fit\/","og_locale":"es_ES","og_type":"article","og_title":"Acerca de Plas-Fit - Plas fit","og_description":"Plas-Fit es una compa\u00f1\u00eda que siempre piensa creativamente, ama los desaf\u00edos, es humilde y determinada, con profundas ra\u00edces y amplio conocimiento de pl\u00e1sticos. &nbsp; La historia de Plassim Fittings se remonta a 1960 en el Kibutz Merhavia, donde se fund\u00f3 la compa\u00f1\u00eda productora de tubos para usos agr\u00edcolas que incursion\u00f3 gradualmente en el \u00e1mbito de...","og_url":"https:\/\/www.plas-fit.com\/about-plas-fit\/","og_site_name":"Plas fit","article_publisher":"https:\/\/www.facebook.com\/PlasfitLtd\/","article_modified_time":"2023-05-10T09:27:09+00:00","og_image":[{"width":970,"height":318,"url":"https:\/\/www.plas-fit.com\/wp-content\/uploads\/2022\/09\/about.jpg","type":"image\/jpeg"}],"twitter_card":"summary_large_image","twitter_misc":{"Tiempo de lectura":"3 minutos"},"schema":{"@context":"https:\/\/schema.org","@graph":[{"@type":"WebPage","@id":"https:\/\/www.plas-fit.com\/about-plas-fit\/","url":"https:\/\/www.plas-fit.com\/about-plas-fit\/","name":"Acerca de Plas-Fit - Plas fit","isPartOf":{"@id":"https:\/\/www.plas-fit.com\/#website"},"primaryImageOfPage":{"@id":"https:\/\/www.plas-fit.com\/about-plas-fit\/#primaryimage"},"image":{"@id":"https:\/\/www.plas-fit.com\/about-plas-fit\/#primaryimage"},"thumbnailUrl":"https:\/\/www.plas-fit.com\/wp-content\/uploads\/2022\/09\/about.jpg","datePublished":"2022-07-22T03:27:22+00:00","dateModified":"2023-05-10T09:27:09+00:00","breadcrumb":{"@id":"https:\/\/www.plas-fit.com\/about-plas-fit\/#breadcrumb"},"inLanguage":"es","potentialAction":[{"@type":"ReadAction","target":["https:\/\/www.plas-fit.com\/about-plas-fit\/"]}]},{"@type":"ImageObject","inLanguage":"es","@id":"https:\/\/www.plas-fit.com\/about-plas-fit\/#primaryimage","url":"https:\/\/www.plas-fit.com\/wp-content\/uploads\/2022\/09\/about.jpg","contentUrl":"https:\/\/www.plas-fit.com\/wp-content\/uploads\/2022\/09\/about.jpg","width":970,"height":318},{"@type":"BreadcrumbList","@id":"https:\/\/www.plas-fit.com\/about-plas-fit\/#breadcrumb","itemListElement":[{"@type":"ListItem","position":1,"name":"P\u00e1gina de inicio","item":"https:\/\/www.plas-fit.com\/es\/"},{"@type":"ListItem","position":2,"name":"Acerca de Plas-Fit"}]},{"@type":"WebSite","@id":"https:\/\/www.plas-fit.com\/#website","url":"https:\/\/www.plas-fit.com\/","name":"Plas fit","description":"Just another WordPress site","publisher":{"@id":"https:\/\/www.plas-fit.com\/#organization"},"potentialAction":[{"@type":"SearchAction","target":{"@type":"EntryPoint","urlTemplate":"https:\/\/www.plas-fit.com\/?s={search_term_string}"},"query-input":{"@type":"PropertyValueSpecification","valueRequired":true,"valueName":"search_term_string"}}],"inLanguage":"es"},{"@type":"Organization","@id":"https:\/\/www.plas-fit.com\/#organization","name":"Plas-Fit","url":"https:\/\/www.plas-fit.com\/","logo":{"@type":"ImageObject","inLanguage":"es","@id":"https:\/\/www.plas-fit.com\/#\/schema\/logo\/image\/","url":"http:\/\/www.plas-fit.com\/wp-content\/uploads\/2022\/07\/logo.png","contentUrl":"http:\/\/www.plas-fit.com\/wp-content\/uploads\/2022\/07\/logo.png","width":148,"height":40,"caption":"Plas-Fit"},"image":{"@id":"https:\/\/www.plas-fit.com\/#\/schema\/logo\/image\/"},"sameAs":["https:\/\/www.facebook.com\/PlasfitLtd\/","https:\/\/www.instagram.com\/plas_fit\/","https:\/\/www.youtube.com\/channel\/UCOzEylF5mvQkYZj6yqSZK_A?view_as=subscriber","https:\/\/www.linkedin.com\/company\/plas-fit\/"]}]}},"_links":{"self":[{"href":"https:\/\/www.plas-fit.com\/es\/wp-json\/wp\/v2\/pages\/7037","targetHints":{"allow":["GET"]}}],"collection":[{"href":"https:\/\/www.plas-fit.com\/es\/wp-json\/wp\/v2\/pages"}],"about":[{"href":"https:\/\/www.plas-fit.com\/es\/wp-json\/wp\/v2\/types\/page"}],"author":[{"embeddable":true,"href":"https:\/\/www.plas-fit.com\/es\/wp-json\/wp\/v2\/users\/1"}],"replies":[{"embeddable":true,"href":"https:\/\/www.plas-fit.com\/es\/wp-json\/wp\/v2\/comments?post=7037"}],"version-history":[{"count":11,"href":"https:\/\/www.plas-fit.com\/es\/wp-json\/wp\/v2\/pages\/7037\/revisions"}],"predecessor-version":[{"id":7732,"href":"https:\/\/www.plas-fit.com\/es\/wp-json\/wp\/v2\/pages\/7037\/revisions\/7732"}],"wp:featuredmedia":[{"embeddable":true,"href":"https:\/\/www.plas-fit.com\/es\/wp-json\/wp\/v2\/media\/6357"}],"wp:attachment":[{"href":"https:\/\/www.plas-fit.com\/es\/wp-json\/wp\/v2\/media?parent=7037"}],"curies":[{"name":"wp","href":"https:\/\/api.w.org\/{rel}","templated":true}]}}